{"id":57,"date":"2016-07-02T11:14:09","date_gmt":"2016-07-02T09:14:09","guid":{"rendered":"http:\/\/www.jensje.de\/?page_id=57"},"modified":"2026-03-06T08:31:55","modified_gmt":"2026-03-06T07:31:55","slug":"start","status":"publish","type":"page","link":"https:\/\/www.christmann-wein.de\/","title":{"rendered":"Herzlich Willkommen"},"content":{"rendered":"<p>Wir laden Sie ein sich auf diesen Seiten n\u00e4her \u00fcber unser Weingut zu informieren.<\/p>\n<p>Sie erhalten Informationen \u00fcber das Weingut, seine Geschichte und seiner Menschen. Sie erfahren au\u00dferdem welche Weine sich bei uns im Anbau befinden und wie sie hergestellt werden.<\/p>\n<p>In unserem Online-Shop haben Sie au\u00dferdem die M\u00f6glichkeit bequem Ihren Wein\u00a0zu bestellen.<\/p>\n<p>Viel Spa\u00df!<br \/>Ihre Familie Christmann<\/p>\n\n\n<p><\/p>\n","protected":false},"excerpt":{"rendered":"<p>Wir laden Sie ein sich auf diesen Seiten n\u00e4her \u00fcber unser Weingut zu informieren. Sie erhalten Informationen \u00fcber das Weingut, seine Geschichte und seiner Menschen. Sie erfahren au\u00dferdem welche Weine &hellip; <\/p>\n","protected":false},"author":1,"featured_media":0,"parent":0,"menu_order":0,"comment_status":"closed","ping_status":"closed","template":"","meta":{"footnotes":""},"class_list":["post-57","page","type-page","status-publish","hentry","latest_post"],"_links":{"self":[{"href":"https:\/\/www.christmann-wein.de\/index.php\/wp-json\/wp\/v2\/pages\/57","targetHints":{"allow":["GET"]}}],"collection":[{"href":"https:\/\/www.christmann-wein.de\/index.php\/wp-json\/wp\/v2\/pages"}],"about":[{"href":"https:\/\/www.christmann-wein.de\/index.php\/wp-json\/wp\/v2\/types\/page"}],"author":[{"embeddable":true,"href":"https:\/\/www.christmann-wein.de\/index.php\/wp-json\/wp\/v2\/users\/1"}],"replies":[{"embeddable":true,"href":"https:\/\/www.christmann-wein.de\/index.php\/wp-json\/wp\/v2\/comments?post=57"}],"version-history":[{"count":28,"href":"https:\/\/www.christmann-wein.de\/index.php\/wp-json\/wp\/v2\/pages\/57\/revisions"}],"predecessor-version":[{"id":952,"href":"https:\/\/www.christmann-wein.de\/index.php\/wp-json\/wp\/v2\/pages\/57\/revisions\/952"}],"wp:attachment":[{"href":"https:\/\/www.christmann-wein.de\/index.php\/wp-json\/wp\/v2\/media?parent=57"}],"curies":[{"name":"wp","href":"https:\/\/api.w.org\/{rel}","templated":true}]}}