{"id":43,"date":"2016-07-01T21:16:43","date_gmt":"2016-07-01T19:16:43","guid":{"rendered":"http:\/\/www.jensje.de\/?page_id=43"},"modified":"2016-07-01T21:16:43","modified_gmt":"2016-07-01T19:16:43","slug":"ihre-weinprobe","status":"publish","type":"page","link":"https:\/\/www.christmann-wein.de\/index.php\/ihre-weinprobe\/","title":{"rendered":"Ihre Weinprobe"},"content":{"rendered":"<p><span class=\"text\"><b>Testen Sie unseren Wein!<\/b><\/span><\/p>\n<p><span class=\"text\"><br \/>\nSie sind herzlich zu einer Weinprobe im Weingut Christmann eingeladen. Bei Pf\u00e4lzer Wein und Speisen k\u00f6nnen sie einiges \u00fcber An- und Ausbau unserer Weine erfahren. Schauen Sie nach kurzfristiger Voranmeldung einfach mit bis zu 10 Personen herein. <\/span><\/p>\n<p><span class=\"text\">Bei gr\u00f6\u00dferen Gruppen bitten wir um rechtzeitige Anmeldung. \u00dcbernachtungsm\u00f6glichkeiten k\u00f6nnen auch organisiert werden.<\/span><\/p>\n<p><span class=\"text\">Weinproben beinhalten je nach Wunsch:<\/span><\/p>\n<ul>\n<li><span class=\"text\">Auswahl unserer Weine<\/span><\/li>\n<li><span class=\"text\">Kellerf\u00fchrung (Gew\u00f6lbekeller und Lagerkeller)<\/span><\/li>\n<li><span class=\"text\">Speisen\u00a0<\/span><\/li>\n<li><span class=\"text\">Besprechung der Weine\u00a0<\/span><\/li>\n<li><span class=\"text\">F\u00fchrung durch Weinberge\u00a0<\/span><\/li>\n<li><span class=\"text\">Informationen zu Weinbezeichnungen\u00a0<\/span><\/li>\n<li><span class=\"text\">Moderne und klassische Weinbaumaschinen<\/span><\/li>\n<\/ul>\n<p><span class=\"text\"><br \/>\nEs ist auch m\u00f6glich bei Ihnen vor Ort eine Weinprobe zu veranstalten<\/span><\/p>\n","protected":false},"excerpt":{"rendered":"<p>Testen Sie unseren Wein! Sie sind herzlich zu einer Weinprobe im Weingut Christmann eingeladen. Bei Pf\u00e4lzer Wein und Speisen k\u00f6nnen sie einiges \u00fcber An- und Ausbau unserer Weine erfahren. Schauen &hellip; <\/p>\n","protected":false},"author":1,"featured_media":0,"parent":0,"menu_order":0,"comment_status":"closed","ping_status":"closed","template":"","meta":{"footnotes":""},"class_list":["post-43","page","type-page","status-publish","hentry","latest_post"],"_links":{"self":[{"href":"https:\/\/www.christmann-wein.de\/index.php\/wp-json\/wp\/v2\/pages\/43","targetHints":{"allow":["GET"]}}],"collection":[{"href":"https:\/\/www.christmann-wein.de\/index.php\/wp-json\/wp\/v2\/pages"}],"about":[{"href":"https:\/\/www.christmann-wein.de\/index.php\/wp-json\/wp\/v2\/types\/page"}],"author":[{"embeddable":true,"href":"https:\/\/www.christmann-wein.de\/index.php\/wp-json\/wp\/v2\/users\/1"}],"replies":[{"embeddable":true,"href":"https:\/\/www.christmann-wein.de\/index.php\/wp-json\/wp\/v2\/comments?post=43"}],"version-history":[{"count":1,"href":"https:\/\/www.christmann-wein.de\/index.php\/wp-json\/wp\/v2\/pages\/43\/revisions"}],"predecessor-version":[{"id":44,"href":"https:\/\/www.christmann-wein.de\/index.php\/wp-json\/wp\/v2\/pages\/43\/revisions\/44"}],"wp:attachment":[{"href":"https:\/\/www.christmann-wein.de\/index.php\/wp-json\/wp\/v2\/media?parent=43"}],"curies":[{"name":"wp","href":"https:\/\/api.w.org\/{rel}","templated":true}]}}