{"id":16,"date":"2016-06-05T13:29:02","date_gmt":"2016-06-05T13:29:02","guid":{"rendered":""},"modified":"2017-04-14T09:23:19","modified_gmt":"2017-04-14T07:23:19","slug":"agb","status":"publish","type":"page","link":"https:\/\/www.christmann-wein.de\/index.php\/agb\/","title":{"rendered":"AGB"},"content":{"rendered":"<p>Erst mit unserer Best\u00e4tigung wird die Bestellung verbindlich. Der K\u00e4ufer best\u00e4tigt mit Abgabe der Bestellung, dass er das erforderliche Lebensalter nach dem Jugendschutzgesetz aufweist.<\/p>\n<p>Mit der Herausgabe dieses Weinangebots verlieren alle vorherigen Angebote ihre G\u00fcltigkeit. Weine werden versandt solange der Vorrat reicht.<\/p>\n<p>Die Preise verstehen sich einschlie\u00dflich Glas, Ausstattung, Verpackung und Mehrwertsteuer in 6er, 12er bzw. 18er Kartons.<\/p>\n<p>Die Versandkosten k\u00f6nnen Sie hier nachsehen:\u00a0<a href=\"http:\/\/www.christmann-wein.de\/index.php\/versandkosten\/\">Versandkosten<\/a><\/p>\n<p>Zahlung hat innerhalb 14 Tagen nach Rechnungsstellung ohne Abzug direkt an uns zu erfolgen. Wir bitten um Verst\u00e4ndnis, dass bei Zahlungsverzug bankm\u00e4\u00dfige Zinsen berechnet werden. Bis zur restlosten Bezahlungen s\u00e4mtlicher Forderungen und Kontensaldi bleibt das Eigentum an den gelieferten Waren vorbehalten.<\/p>\n<p>Selbstverst\u00e4ndlich nehmen wir das Leergut sowie unsere Verpackungen im Weingut zur\u00fcck.<\/p>\n<p>&nbsp;<\/p>\n","protected":false},"excerpt":{"rendered":"<p>Erst mit unserer Best\u00e4tigung wird die Bestellung verbindlich. Der K\u00e4ufer best\u00e4tigt mit Abgabe der Bestellung, dass er das erforderliche Lebensalter nach dem Jugendschutzgesetz aufweist. Mit der Herausgabe dieses Weinangebots verlieren &hellip; <\/p>\n","protected":false},"author":1,"featured_media":0,"parent":0,"menu_order":0,"comment_status":"closed","ping_status":"closed","template":"","meta":{"footnotes":""},"class_list":["post-16","page","type-page","status-publish","hentry","latest_post"],"_links":{"self":[{"href":"https:\/\/www.christmann-wein.de\/index.php\/wp-json\/wp\/v2\/pages\/16","targetHints":{"allow":["GET"]}}],"collection":[{"href":"https:\/\/www.christmann-wein.de\/index.php\/wp-json\/wp\/v2\/pages"}],"about":[{"href":"https:\/\/www.christmann-wein.de\/index.php\/wp-json\/wp\/v2\/types\/page"}],"author":[{"embeddable":true,"href":"https:\/\/www.christmann-wein.de\/index.php\/wp-json\/wp\/v2\/users\/1"}],"replies":[{"embeddable":true,"href":"https:\/\/www.christmann-wein.de\/index.php\/wp-json\/wp\/v2\/comments?post=16"}],"version-history":[{"count":1,"href":"https:\/\/www.christmann-wein.de\/index.php\/wp-json\/wp\/v2\/pages\/16\/revisions"}],"predecessor-version":[{"id":284,"href":"https:\/\/www.christmann-wein.de\/index.php\/wp-json\/wp\/v2\/pages\/16\/revisions\/284"}],"wp:attachment":[{"href":"https:\/\/www.christmann-wein.de\/index.php\/wp-json\/wp\/v2\/media?parent=16"}],"curies":[{"name":"wp","href":"https:\/\/api.w.org\/{rel}","templated":true}]}}