{"id":15,"date":"2016-06-05T13:29:02","date_gmt":"2016-06-05T13:29:02","guid":{"rendered":""},"modified":"2020-01-17T17:16:14","modified_gmt":"2020-01-17T16:16:14","slug":"versandkosten","status":"publish","type":"page","link":"https:\/\/www.christmann-wein.de\/index.php\/versandkosten\/","title":{"rendered":"Versandkosten"},"content":{"rendered":"<p>Wir liefern\u00a0in 6er, 12er bzw. 18er Kartons.<\/p>\n<p>F\u00fcr den Versand mit Paketdienst werden anteilige Frachtkosten pro Karton wie folgt berechnet:<\/p>\n<p>6er Karton 4,00 \u20ac<\/p>\n<p>12er und 18er Kartons sind frei.<\/p>\n<p>Der Versand innerhalb Deutschlands erfolgt per DPD, DHL und Spedition.<\/p>\n<p>Ab 120 Flaschen erfolgt der Versand per Spedition. Lieferungen sind von Montag &#8211; Samstag m\u00f6glich. Die Spedition bringt Ihnen die Kisten an Ihren Lagerort &#8211; ob in den Keller, oder auch in die 3. Etage. Die Serviceleistungen der Spedition sind inklusive, Sie bezahlen nur den Flaschenpreis.<\/p>\n<p>Bei Bestellung f\u00fcr das europ\u00e4ische Ausland nehmen Sie bitte erst R\u00fccksprache mit uns.<\/p>\n","protected":false},"excerpt":{"rendered":"<p>Wir liefern\u00a0in 6er, 12er bzw. 18er Kartons. F\u00fcr den Versand mit Paketdienst werden anteilige Frachtkosten pro Karton wie folgt berechnet: 6er Karton 4,00 \u20ac 12er und 18er Kartons sind frei. &hellip; <\/p>\n","protected":false},"author":1,"featured_media":0,"parent":0,"menu_order":0,"comment_status":"closed","ping_status":"closed","template":"","meta":{"footnotes":""},"class_list":["post-15","page","type-page","status-publish","hentry","latest_post"],"_links":{"self":[{"href":"https:\/\/www.christmann-wein.de\/index.php\/wp-json\/wp\/v2\/pages\/15","targetHints":{"allow":["GET"]}}],"collection":[{"href":"https:\/\/www.christmann-wein.de\/index.php\/wp-json\/wp\/v2\/pages"}],"about":[{"href":"https:\/\/www.christmann-wein.de\/index.php\/wp-json\/wp\/v2\/types\/page"}],"author":[{"embeddable":true,"href":"https:\/\/www.christmann-wein.de\/index.php\/wp-json\/wp\/v2\/users\/1"}],"replies":[{"embeddable":true,"href":"https:\/\/www.christmann-wein.de\/index.php\/wp-json\/wp\/v2\/comments?post=15"}],"version-history":[{"count":6,"href":"https:\/\/www.christmann-wein.de\/index.php\/wp-json\/wp\/v2\/pages\/15\/revisions"}],"predecessor-version":[{"id":497,"href":"https:\/\/www.christmann-wein.de\/index.php\/wp-json\/wp\/v2\/pages\/15\/revisions\/497"}],"wp:attachment":[{"href":"https:\/\/www.christmann-wein.de\/index.php\/wp-json\/wp\/v2\/media?parent=15"}],"curies":[{"name":"wp","href":"https:\/\/api.w.org\/{rel}","templated":true}]}}