{"id":133,"date":"2016-12-16T17:24:30","date_gmt":"2016-12-16T16:24:30","guid":{"rendered":"http:\/\/www.jensje.de\/?page_id=133"},"modified":"2017-04-19T15:48:00","modified_gmt":"2017-04-19T13:48:00","slug":"ihr-barriquefass","status":"publish","type":"page","link":"https:\/\/www.christmann-wein.de\/index.php\/ihr-barriquefass\/","title":{"rendered":"Ihr Barriquefass"},"content":{"rendered":"<p><strong><span class=\"text\"><img loading=\"lazy\" decoding=\"async\" class=\"size-medium wp-image-346 alignright\" src=\"http:\/\/www.christmann-wein.de\/wp-content\/uploads\/2017\/04\/barrique-300x225.jpg\" alt=\"\" width=\"300\" height=\"225\" srcset=\"https:\/\/www.christmann-wein.de\/wp-content\/uploads\/2017\/04\/barrique-300x225.jpg 300w, https:\/\/www.christmann-wein.de\/wp-content\/uploads\/2017\/04\/barrique.jpg 640w\" sizes=\"auto, (max-width: 300px) 100vw, 300px\" \/>Barrique = franz.: kleines Fass!<\/span><\/strong><\/p>\n<p><span class=\"text\">Barriquef\u00e4sser fassen ca. 220 l Wein und sind handgefertigt. Das Eichenholz wird bei der Fertigung angeflammt. Dadurch erg\u00e4nzen Gerbstoffe des Eichenholzes den Wein. Dieser wird somit gehaltvoller und haltbarer. Die F\u00e4sser k\u00f6nnen 3mal verwendet werden. Danach sind sie ausgelaugt und der Geschmacksstoff verliert sich.<\/span><\/p>\n<p><span class=\"text\">Wir bieten Ihnen die M\u00f6glichkeit Barriquewein nicht nur als einzelne Flaschen zu beziehen, sondern Ihr eigenes Fass zu mieten oder zu kaufen.Ein Rotwein Ihrer Wahl wird im Weinkeller fachgerecht im Eichenfass eingelagert. Je nach Geschmack liegt der Wein dann ca. 12 Monate im Fass ein. W\u00e4hrend dieser Zeit k\u00f6nnen Sie Ihrem Wein gerne einen Besuch abstatten und ein zwei Gl\u00e4ser probieren. Das Fass wird nach der Probe selbstverst\u00e4ndlich wieder aufgef\u00fcllt.<\/span><\/p>\n<p><span class=\"text\">Nachdem der Wein gereift ist, wird er abgef\u00fcllt und mit einem pers\u00f6nlichen Etikett versehen.<\/span><\/p>\n","protected":false},"excerpt":{"rendered":"<p>Barrique = franz.: kleines Fass! Barriquef\u00e4sser fassen ca. 220 l Wein und sind handgefertigt. Das Eichenholz wird bei der Fertigung angeflammt. Dadurch erg\u00e4nzen Gerbstoffe des Eichenholzes den Wein. Dieser wird &hellip; <\/p>\n","protected":false},"author":1,"featured_media":0,"parent":0,"menu_order":0,"comment_status":"closed","ping_status":"closed","template":"","meta":{"footnotes":""},"class_list":["post-133","page","type-page","status-publish","hentry","latest_post"],"_links":{"self":[{"href":"https:\/\/www.christmann-wein.de\/index.php\/wp-json\/wp\/v2\/pages\/133","targetHints":{"allow":["GET"]}}],"collection":[{"href":"https:\/\/www.christmann-wein.de\/index.php\/wp-json\/wp\/v2\/pages"}],"about":[{"href":"https:\/\/www.christmann-wein.de\/index.php\/wp-json\/wp\/v2\/types\/page"}],"author":[{"embeddable":true,"href":"https:\/\/www.christmann-wein.de\/index.php\/wp-json\/wp\/v2\/users\/1"}],"replies":[{"embeddable":true,"href":"https:\/\/www.christmann-wein.de\/index.php\/wp-json\/wp\/v2\/comments?post=133"}],"version-history":[{"count":2,"href":"https:\/\/www.christmann-wein.de\/index.php\/wp-json\/wp\/v2\/pages\/133\/revisions"}],"predecessor-version":[{"id":347,"href":"https:\/\/www.christmann-wein.de\/index.php\/wp-json\/wp\/v2\/pages\/133\/revisions\/347"}],"wp:attachment":[{"href":"https:\/\/www.christmann-wein.de\/index.php\/wp-json\/wp\/v2\/media?parent=133"}],"curies":[{"name":"wp","href":"https:\/\/api.w.org\/{rel}","templated":true}]}}