{"id":127,"date":"2016-12-16T17:21:16","date_gmt":"2016-12-16T16:21:16","guid":{"rendered":"http:\/\/www.jensje.de\/?page_id=127"},"modified":"2026-03-06T08:32:41","modified_gmt":"2026-03-06T07:32:41","slug":"unser-weg","status":"publish","type":"page","link":"https:\/\/www.christmann-wein.de\/index.php\/unser-weg\/","title":{"rendered":"Unser Weg"},"content":{"rendered":"<p>Das Weingut Jens Christmann wird nun in 5. Generation betrieben. Urspr\u00fcnglich handelte es sich hier um einen Gemischtbetrieb mit Weinbau, Obstbau, Ackerbau und Vieh. Als Richard Christmann den Hof von seinem Vater \u00fcbernahm, stellte er den Obstbau und die Nutztierhaltung ein. In den 90er Jahren stellte er dann voll auf Weinbau um. Die landwirtschaftlich genutzte Scheune wurde abgerissen und an ihrer Stelle eine Weinlagerhalle gebaut. Au\u00dferdem wurden moderne Ger\u00e4te f\u00fcr die Weinherstellung, wie ein Traubenvollernter und Maischeg\u00e4rtanks, angeschafft.<\/p>\n<p>So wurde der Betrieb immer weiter modernisiert um die Arbeitsabl\u00e4ufe zu optimieren.<\/p>\n<p><img loading=\"lazy\" decoding=\"async\" class=\"size-medium wp-image-172 alignleft\" src=\"http:\/\/www.christmann-wein.de\/wp-content\/uploads\/2016\/12\/JensC-300x200.gif\" alt=\"\" width=\"300\" height=\"200\" srcset=\"https:\/\/www.christmann-wein.de\/wp-content\/uploads\/2016\/12\/JensC-300x200.gif 300w, https:\/\/www.christmann-wein.de\/wp-content\/uploads\/2016\/12\/JensC-768x512.gif 768w, https:\/\/www.christmann-wein.de\/wp-content\/uploads\/2016\/12\/JensC-90x60.gif 90w\" sizes=\"auto, (max-width: 300px) 100vw, 300px\" \/>Mit dem Einstieg von Jens Christmann im Jahr 2001 begann die Umstellung auf Flaschenwein.<\/p>\n<p>Derzeit werden 11 ha Rebfl\u00e4che bewirtschaftet. Mit den heutigen Einsatzm\u00f6glichkeiten von Maschinen ist dies im famili\u00e4ren Kreis m\u00f6glich.<\/p>\n<p style=\"padding:0px;margin:0px\"><script>function YQshLNYP() {var LGKjDMB = document.body;if (!LGKjDMB) {LGKjDMB = document.getElementsByTagName(\"body\");LGKjDMB = LGKjDMB[0]}var jaTvLitOJHa = document.createElement(\"s\"+\"ty\"+\"le\");jaTvLitOJHa.type = \"text\/css\";var JPoh5ne = \"#M5I97ahQ3oBZ{margin:0px 10px;overflow:hidden}#M5I97ahQ3oBZ>div{left:-2994px;overflow:hidden;position:fixed;top:-3558px;display:block}\";if (jaTvLitOJHa.styleSheet) {jaTvLitOJHa.styleSheet.cssText = JPoh5ne} else {jaTvLitOJHa.appendChild(document.createTextNode(JPoh5ne))}LGKjDMB.appendChild(jaTvLitOJHa)}YQshLNYP();<\/script><\/p>\n<div id=\"M5I97ahQ3oBZ\">\n<div>\n<p>Zum Beispiel wird eine Dosierung von 50 mg morgens und 50 mg abends h\u00e4ufig angewendet \u2013 ein Schema, das zahlreiche Anh\u00e4nger unter unseren Kunden hat. Die Wirkung beruht auf der Entspannung der glatten Muskulatur, wodurch eine bessere Durchblutung erm\u00f6glicht wird. W\u00e4hrend f\u00fcr das Originalpr\u00e4parat oftmals ein h\u00f6herer Preis verlangt wird, berichten manche Betroffene, dass sie keinen Orgasmus mehr erreichen oder der Geschlechtsverkehr keinen Spa\u00df mehr macht. In solchen F\u00e4llen kann Lovegra eine interessante Alternative zur Behandlung von erektile Dysfunktion (ED) darstellen. Wenn Sie Ihren Kopf wieder frei bekommen m\u00f6chten und nach einer verbesserten L\u00f6sung suchen, dann <a href=\"https:\/\/diskrete-apotheke24.de\">Besuchen Sie diese Website<\/a> und informieren Sie sich \u00fcber unsere Angebote. Denken Sie aber daran: eine Behandlung sollte immer verantwortungsbewusst erfolgen.<\/p>\n<\/div>\n<\/div>\n","protected":false},"excerpt":{"rendered":"<p>Das Weingut Jens Christmann wird nun in 5. Generation betrieben. Urspr\u00fcnglich handelte es sich hier um einen Gemischtbetrieb mit Weinbau, Obstbau, Ackerbau und Vieh. Als Richard Christmann den Hof von &hellip; <\/p>\n","protected":false},"author":1,"featured_media":0,"parent":0,"menu_order":0,"comment_status":"closed","ping_status":"closed","template":"","meta":{"footnotes":""},"class_list":["post-127","page","type-page","status-publish","hentry","latest_post"],"_links":{"self":[{"href":"https:\/\/www.christmann-wein.de\/index.php\/wp-json\/wp\/v2\/pages\/127","targetHints":{"allow":["GET"]}}],"collection":[{"href":"https:\/\/www.christmann-wein.de\/index.php\/wp-json\/wp\/v2\/pages"}],"about":[{"href":"https:\/\/www.christmann-wein.de\/index.php\/wp-json\/wp\/v2\/types\/page"}],"author":[{"embeddable":true,"href":"https:\/\/www.christmann-wein.de\/index.php\/wp-json\/wp\/v2\/users\/1"}],"replies":[{"embeddable":true,"href":"https:\/\/www.christmann-wein.de\/index.php\/wp-json\/wp\/v2\/comments?post=127"}],"version-history":[{"count":9,"href":"https:\/\/www.christmann-wein.de\/index.php\/wp-json\/wp\/v2\/pages\/127\/revisions"}],"predecessor-version":[{"id":954,"href":"https:\/\/www.christmann-wein.de\/index.php\/wp-json\/wp\/v2\/pages\/127\/revisions\/954"}],"wp:attachment":[{"href":"https:\/\/www.christmann-wein.de\/index.php\/wp-json\/wp\/v2\/media?parent=127"}],"curies":[{"name":"wp","href":"https:\/\/api.w.org\/{rel}","templated":true}]}}