{"id":112,"date":"2016-12-16T17:12:14","date_gmt":"2016-12-16T16:12:14","guid":{"rendered":"http:\/\/www.jensje.de\/?page_id=112"},"modified":"2017-04-19T13:12:39","modified_gmt":"2017-04-19T11:12:39","slug":"unser-weine","status":"publish","type":"page","link":"https:\/\/www.christmann-wein.de\/index.php\/unser-weine\/","title":{"rendered":"Unsere Rebsorten"},"content":{"rendered":"<p><span class=\"text\"><b><img loading=\"lazy\" decoding=\"async\" class=\"size-medium wp-image-339 alignright\" src=\"http:\/\/www.christmann-wein.de\/wp-content\/uploads\/2017\/04\/Christmannwein-022a-200x300.jpg\" alt=\"\" width=\"200\" height=\"300\" srcset=\"https:\/\/www.christmann-wein.de\/wp-content\/uploads\/2017\/04\/Christmannwein-022a-200x300.jpg 200w, https:\/\/www.christmann-wein.de\/wp-content\/uploads\/2017\/04\/Christmannwein-022a.jpg 512w\" sizes=\"auto, (max-width: 200px) 100vw, 200px\" \/>Erfahren Sie hier etwas \u00fcber die von uns angebauten Rebsorten!<\/b><br \/>\n<\/span><\/p>\n<p>&nbsp;<\/p>\n<ul>\n<li><a href=\"http:\/\/www.christmann-wein.de\/index.php\/rotweine\/\"><strong>Rotwein<br \/>\n<\/strong><\/a>Unsere Rotweine werden alle zur Reife f\u00fcr mindestens ein halbes Jahr in gro\u00dfe Holzf\u00e4sser gelegt. Durch den damit verbundenen Kohles\u00e4ureabbau gelangen sie zu einer fr\u00fcheren Trinkreife und die Farbe wird stabilisiert.<\/li>\n<\/ul>\n<p>&nbsp;<\/p>\n<ul>\n<li><a href=\"http:\/\/www.christmann-wein.de\/index.php\/weissweine\/\"><strong>Wei\u00dfwein<\/strong><\/a><br \/>\nUnser Ziel ist es durch gesunde Trauben und die richtige Kellerwirtschaft spritzige, fruchtige Wei\u00dfweine zu erhalten<\/li>\n<\/ul>\n<p>&nbsp;<\/p>\n","protected":false},"excerpt":{"rendered":"<p>Erfahren Sie hier etwas \u00fcber die von uns angebauten Rebsorten! &nbsp; Rotwein Unsere Rotweine werden alle zur Reife f\u00fcr mindestens ein halbes Jahr in gro\u00dfe Holzf\u00e4sser gelegt. Durch den damit &hellip; <\/p>\n","protected":false},"author":1,"featured_media":0,"parent":0,"menu_order":0,"comment_status":"closed","ping_status":"closed","template":"","meta":{"footnotes":""},"class_list":["post-112","page","type-page","status-publish","hentry","latest_post"],"_links":{"self":[{"href":"https:\/\/www.christmann-wein.de\/index.php\/wp-json\/wp\/v2\/pages\/112","targetHints":{"allow":["GET"]}}],"collection":[{"href":"https:\/\/www.christmann-wein.de\/index.php\/wp-json\/wp\/v2\/pages"}],"about":[{"href":"https:\/\/www.christmann-wein.de\/index.php\/wp-json\/wp\/v2\/types\/page"}],"author":[{"embeddable":true,"href":"https:\/\/www.christmann-wein.de\/index.php\/wp-json\/wp\/v2\/users\/1"}],"replies":[{"embeddable":true,"href":"https:\/\/www.christmann-wein.de\/index.php\/wp-json\/wp\/v2\/comments?post=112"}],"version-history":[{"count":9,"href":"https:\/\/www.christmann-wein.de\/index.php\/wp-json\/wp\/v2\/pages\/112\/revisions"}],"predecessor-version":[{"id":343,"href":"https:\/\/www.christmann-wein.de\/index.php\/wp-json\/wp\/v2\/pages\/112\/revisions\/343"}],"wp:attachment":[{"href":"https:\/\/www.christmann-wein.de\/index.php\/wp-json\/wp\/v2\/media?parent=112"}],"curies":[{"name":"wp","href":"https:\/\/api.w.org\/{rel}","templated":true}]}}